{"id":340,"date":"2019-03-21T13:32:59","date_gmt":"2019-03-21T13:32:59","guid":{"rendered":"http:\/\/emocionatemas.com\/index.php\/home\/"},"modified":"2024-11-19T21:30:14","modified_gmt":"2024-11-19T21:30:14","slug":"home","status":"publish","type":"page","link":"https:\/\/emocionatemas.com\/","title":{"rendered":"Emocion\u00e1te+"},"content":{"rendered":"\n<p><\/p>\n\n\n\n<h1 class=\"wp-block-heading alignwide\"> <strong><img loading=\"lazy\" decoding=\"async\" width=\"3000\" height=\"1916\" class=\"wp-image-1034\" style=\"width: 3000px;\" src=\"https:\/\/emocionatemas.com\/wp-content\/uploads\/2024\/11\/2930d0_473f990793b7435ba228b656d97e6f6cmv2.avif\" alt=\"\" srcset=\"https:\/\/emocionatemas.com\/wp-content\/uploads\/2024\/11\/2930d0_473f990793b7435ba228b656d97e6f6cmv2.avif 1276w, https:\/\/emocionatemas.com\/wp-content\/uploads\/2024\/11\/2930d0_473f990793b7435ba228b656d97e6f6cmv2-300x192.avif 300w, https:\/\/emocionatemas.com\/wp-content\/uploads\/2024\/11\/2930d0_473f990793b7435ba228b656d97e6f6cmv2-1024x654.avif 1024w, https:\/\/emocionatemas.com\/wp-content\/uploads\/2024\/11\/2930d0_473f990793b7435ba228b656d97e6f6cmv2-768x491.avif 768w, https:\/\/emocionatemas.com\/wp-content\/uploads\/2024\/11\/2930d0_473f990793b7435ba228b656d97e6f6cmv2-600x383.avif 600w\" sizes=\"auto, (max-width: 3000px) 100vw, 3000px\" \/><\/strong><\/h1>\n\n\n\n<div class=\"wp-block-group alignwide\"><div class=\"wp-block-group__inner-container is-layout-constrained wp-block-group-is-layout-constrained\">\n<p><\/p>\n\n\n\n<div class=\"wp-block-group\"><div class=\"wp-block-group__inner-container is-layout-constrained wp-block-group-is-layout-constrained\">\n<div class=\"wp-block-group\"><div class=\"wp-block-group__inner-container is-layout-constrained wp-block-group-is-layout-constrained\"><\/div><\/div>\n<\/div><\/div>\n<\/div><\/div>\n\n\n\n<p><\/p>\n\n\n\n<h2 class=\"wp-block-heading\"><strong>+Te abrazamos<\/strong><\/h2>\n\n\n\n<div class=\"wp-block-buttons alignwide is-layout-flex wp-block-buttons-is-layout-flex\"><\/div>\n\n\n\n<p><strong>Te escuchamos, te acompa\u00f1amos, te impulsamos a emocionarte m\u00e1s<\/strong><\/p>\n\n\n\n<div class=\"wp-block-group\"><div class=\"wp-block-group__inner-container is-layout-constrained wp-block-group-is-layout-constrained\"><div class=\"wp-block-image\">\n<figure class=\"alignright size-full is-resized\"><img loading=\"lazy\" decoding=\"async\" width=\"213\" height=\"201\" src=\"https:\/\/emocionatemas.com\/wp-content\/uploads\/2024\/11\/AER_20200529.avif\" alt=\"\" class=\"wp-image-1022\" style=\"width:221px;height:auto\"\/><figcaption class=\"wp-element-caption\"><em>Alvaro Elizalde<\/em><br><em>Master Coach<\/em><\/figcaption><\/figure>\n<\/div><\/div><\/div>\n\n\n\n<div class=\"wp-block-group\"><div class=\"wp-block-group__inner-container is-layout-constrained wp-block-group-is-layout-constrained\">\n<div class=\"wp-block-group\"><div class=\"wp-block-group__inner-container is-layout-constrained wp-block-group-is-layout-constrained\">\n<figure class=\"wp-block-image size-full is-resized\"><img loading=\"lazy\" decoding=\"async\" width=\"213\" height=\"201\" src=\"https:\/\/emocionatemas.com\/wp-content\/uploads\/2024\/11\/2930d0_1e876bad18d7496e9c78c6e9848c06d5.avif\" alt=\"\" class=\"wp-image-1020\" style=\"width:246px;height:auto\"\/><figcaption class=\"wp-element-caption\"><em>Sara Garc\u00eda<\/em><br><em>Psicoterapia<\/em><\/figcaption><\/figure>\n<\/div><\/div>\n<\/div><\/div>\n\n\n\n<div class=\"wp-block-group is-horizontal is-content-justification-center is-nowrap is-layout-flex wp-container-core-group-is-layout-8dbf8d71 wp-block-group-is-layout-flex\">\n<blockquote class=\"wp-block-quote is-layout-flow wp-block-quote-is-layout-flow\">\n<p class=\"has-text-align-left\">Hay momentos en la vida donde las situaciones que se presentan parecen insalvables, y parece que todos y todo a tu alrededor confabulasen en contra, en esos momentos puede aparecer la angustia, el miedo, la desesperanza y es cuando m\u00e1s necesitas un abrazo, un&nbsp;abrazo emocional, que te conecta con la esperanza, la confianza y el amor de y a tu persona. En estos momentos es cuando estamos listos para acompa\u00f1arte y brindarte ese abrazo emocional que te ayuda a recuperar la pasi\u00f3n por vivir maravillosamente.<\/p>\n<\/blockquote>\n\n\n\n<blockquote class=\"wp-block-quote is-layout-flow wp-block-quote-is-layout-flow\">\n<p>En otros momentos cuando tienes la energ\u00eda y la vitalidad al m\u00e1ximo puede pasar tambi\u00e9n que el tiempo entre el trabajo, la casa y las relaciones personales, no te da oportunidad de tomar un respiro para reflexionar y es en estos momentos cuando necesitas soluciones para seguir viviendo tu vida al m\u00e1ximo. En estos momentos te apoyamos para que logres m\u00e1s y mejor, ayud\u00e1ndote a incorporar otras miradas para que puedas descubrir,&nbsp;desde la consciencia y la responsabilidad, recursos que te llevan a la expansi\u00f3n de tus posibilidades infinitas.<\/p>\n<\/blockquote>\n<\/div>\n\n\n\n<p><\/p>\n","protected":false},"excerpt":{"rendered":"<p>+Te abrazamos Te escuchamos, te acompa\u00f1amos, te impulsamos a emocionarte m\u00e1s Hay momentos en la vida donde las situaciones que se presentan parecen insalvables, y parece que todos y todo a tu alrededor confabulasen en contra, en esos momentos puede aparecer la angustia, el miedo, la desesperanza y es cuando m\u00e1s necesitas un abrazo, un&nbsp;abrazo &hellip;<\/p>\n<p class=\"read-more\"> <a class=\"\" href=\"https:\/\/emocionatemas.com\/\"> <span class=\"screen-reader-text\">Emocion\u00e1te+<\/span> Read More &raquo;<\/a><\/p>\n","protected":false},"author":3,"featured_media":0,"parent":0,"menu_order":0,"comment_status":"closed","ping_status":"closed","template":"","meta":{"_monsterinsights_skip_tracking":false,"_monsterinsights_sitenote_active":false,"_monsterinsights_sitenote_note":"","_monsterinsights_sitenote_category":0,"footnotes":""},"class_list":["post-340","page","type-page","status-publish","hentry"],"_links":{"self":[{"href":"https:\/\/emocionatemas.com\/index.php\/wp-json\/wp\/v2\/pages\/340","targetHints":{"allow":["GET"]}}],"collection":[{"href":"https:\/\/emocionatemas.com\/index.php\/wp-json\/wp\/v2\/pages"}],"about":[{"href":"https:\/\/emocionatemas.com\/index.php\/wp-json\/wp\/v2\/types\/page"}],"author":[{"embeddable":true,"href":"https:\/\/emocionatemas.com\/index.php\/wp-json\/wp\/v2\/users\/3"}],"replies":[{"embeddable":true,"href":"https:\/\/emocionatemas.com\/index.php\/wp-json\/wp\/v2\/comments?post=340"}],"version-history":[{"count":12,"href":"https:\/\/emocionatemas.com\/index.php\/wp-json\/wp\/v2\/pages\/340\/revisions"}],"predecessor-version":[{"id":1045,"href":"https:\/\/emocionatemas.com\/index.php\/wp-json\/wp\/v2\/pages\/340\/revisions\/1045"}],"wp:attachment":[{"href":"https:\/\/emocionatemas.com\/index.php\/wp-json\/wp\/v2\/media?parent=340"}],"curies":[{"name":"wp","href":"https:\/\/api.w.org\/{rel}","templated":true}]}}